{"id":2955,"date":"2023-04-19T08:30:10","date_gmt":"2023-04-19T08:30:10","guid":{"rendered":"https:\/\/partner.onskeskyen.dk\/?page_id=2955"},"modified":"2023-04-21T08:02:43","modified_gmt":"2023-04-21T08:02:43","slug":"laes-mere-e-maerket","status":"publish","type":"page","link":"https:\/\/partner.onskeskyen.dk\/index.php\/laes-mere-e-maerket\/","title":{"rendered":"L\u00e6s mere &#8211; E-m\u00e6rket"},"content":{"rendered":"\t\t<div data-elementor-type=\"wp-page\" data-elementor-id=\"2955\" class=\"elementor elementor-2955\" data-elementor-post-type=\"page\">\n\t\t\t\t\t\t<section class=\"elementor-section elementor-top-section elementor-element elementor-element-eb399b4 elementor-section-boxed elementor-section-height-default elementor-section-height-default\" data-id=\"eb399b4\" data-element_type=\"section\" data-e-type=\"section\">\n\t\t\t\t\t\t\t<div class=\"elementor-background-overlay\"><\/div>\n\t\t\t\t\t\t\t<div class=\"elementor-container elementor-column-gap-default\">\n\t\t\t\t\t<div class=\"elementor-column elementor-col-100 elementor-top-column elementor-element elementor-element-b9ce15c\" data-id=\"b9ce15c\" data-element_type=\"column\" data-e-type=\"column\">\n\t\t\t<div class=\"elementor-widget-wrap elementor-element-populated\">\n\t\t\t\t\t\t<div class=\"elementor-element elementor-element-fbe7c83 elementor-widget elementor-widget-heading\" data-id=\"fbe7c83\" data-element_type=\"widget\" data-e-type=\"widget\" data-widget_type=\"heading.default\">\n\t\t\t\t<div class=\"elementor-widget-container\">\n\t\t\t\t\t<h2 class=\"elementor-heading-title elementor-size-default\">e-m\u00e6rket X \u00d8nskeskyen<\/h2>\t\t\t\t<\/div>\n\t\t\t\t<\/div>\n\t\t\t\t<div class=\"elementor-element elementor-element-d078cd9 elementor-widget elementor-widget-text-editor\" data-id=\"d078cd9\" data-element_type=\"widget\" data-e-type=\"widget\" data-widget_type=\"text-editor.default\">\n\t\t\t\t<div class=\"elementor-widget-container\">\n\t\t\t\t\t\t\t\t\t<p><span style=\"color: var( --e-global-color-text ); font-family: var( --e-global-typography-text-font-family ), Sans-serif; font-size: var( --e-global-typography-text-font-size ); font-weight: var( --e-global-typography-text-font-weight );\">Via et nyt samarbejde med e-m\u00e6rket vil \u00d8nskeskyen sikre mere tryghed for deres mere end to millioner danske brugere. Det skal ske ved at give de partnere, som allerede er e-m\u00e6rkede, mulighed for at vise deres certificering direkte p\u00e5 platformen og dermed skabe en forbedret brugeroplevelse via fokus p\u00e5 sikker e-handel.<\/span><br><\/p>\n<p><span style=\"color: var( --e-global-color-text ); font-family: var( --e-global-typography-text-font-family ), Sans-serif; font-size: var( --e-global-typography-text-font-size ); font-weight: var( --e-global-typography-text-font-weight );\">For \u00d8nskeskyen er det en prioritet af afspejle markedet og give brugerne et bredt udvalg. Med det store udvalg af vidt forskellige typer af webshops f\u00f8lger et tilsvarende stort ansvar for brugernes tryghed og sikkerhed.<\/span><\/p>\n<p>For de webshops som ikke i forvejen er e-m\u00e6rkede, giver dette unikke samarbejde \u00d8nskeskyens partnere muligheden for at f\u00e5 et uforpligtende juridisk pre-check af deres webshop.&nbsp;Det juridiske pre-check gives af en af e-m\u00e6rkets specialiserede e-handelsjurister og foreg\u00e5r som et online m\u00f8de p\u00e5 Microsoft Teams.&nbsp;<span style=\"color: var( --e-global-color-text ); font-family: var( --e-global-typography-text-font-family ), Sans-serif; font-size: var( --e-global-typography-text-font-size ); font-weight: var( --e-global-typography-text-font-weight );\">Pre-check&#8217;et sker med afs\u00e6t i din webshops k\u00f8bsforl\u00f8b og handelsbetingelser, og besvarer eventuelle sp\u00f8rgsm\u00e5l, du m\u00e5tte have.<\/span><\/p>\t\t\t\t\t\t\t\t<\/div>\n\t\t\t\t<\/div>\n\t\t\t\t\t<\/div>\n\t\t<\/div>\n\t\t\t\t\t<\/div>\n\t\t<\/section>\n\t\t\t\t<section class=\"elementor-section elementor-top-section elementor-element elementor-element-a5ec430 elementor-section-boxed elementor-section-height-default elementor-section-height-default\" data-id=\"a5ec430\" data-element_type=\"section\" data-e-type=\"section\">\n\t\t\t\t\t\t<div class=\"elementor-container elementor-column-gap-default\">\n\t\t\t\t\t<div class=\"elementor-column elementor-col-100 elementor-top-column elementor-element elementor-element-f023eaa\" data-id=\"f023eaa\" data-element_type=\"column\" data-e-type=\"column\">\n\t\t\t<div class=\"elementor-widget-wrap elementor-element-populated\">\n\t\t\t\t\t\t<section class=\"elementor-section elementor-inner-section elementor-element elementor-element-c643b59 elementor-section-boxed elementor-section-height-default elementor-section-height-default\" data-id=\"c643b59\" data-element_type=\"section\" data-e-type=\"section\">\n\t\t\t\t\t\t<div class=\"elementor-container elementor-column-gap-default\">\n\t\t\t\t\t<div class=\"elementor-column elementor-col-50 elementor-inner-column elementor-element elementor-element-feb8541\" data-id=\"feb8541\" data-element_type=\"column\" data-e-type=\"column\">\n\t\t\t<div class=\"elementor-widget-wrap elementor-element-populated\">\n\t\t\t\t\t\t<div class=\"elementor-element elementor-element-4758216 elementor-widget elementor-widget-image\" data-id=\"4758216\" data-element_type=\"widget\" data-e-type=\"widget\" data-widget_type=\"image.default\">\n\t\t\t\t<div class=\"elementor-widget-container\">\n\t\t\t\t\t\t\t\t\t\t\t\t\t\t\t<img fetchpriority=\"high\" decoding=\"async\" width=\"526\" height=\"610\" src=\"https:\/\/partner.onskeskyen.dk\/wp-content\/uploads\/2023\/04\/e-maerket-visual3.png\" class=\"attachment-large size-large wp-image-3075\" alt=\"\" srcset=\"https:\/\/partner.onskeskyen.dk\/wp-content\/uploads\/2023\/04\/e-maerket-visual3.png 526w, https:\/\/partner.onskeskyen.dk\/wp-content\/uploads\/2023\/04\/e-maerket-visual3-259x300.png 259w\" sizes=\"(max-width: 526px) 100vw, 526px\" \/>\t\t\t\t\t\t\t\t\t\t\t\t\t\t\t<\/div>\n\t\t\t\t<\/div>\n\t\t\t\t\t<\/div>\n\t\t<\/div>\n\t\t\t\t<div class=\"elementor-column elementor-col-50 elementor-inner-column elementor-element elementor-element-cf9a91c\" data-id=\"cf9a91c\" data-element_type=\"column\" data-e-type=\"column\">\n\t\t\t<div class=\"elementor-widget-wrap elementor-element-populated\">\n\t\t\t\t\t\t<div class=\"elementor-element elementor-element-9066fe5 elementor-widget elementor-widget-image\" data-id=\"9066fe5\" data-element_type=\"widget\" data-e-type=\"widget\" data-widget_type=\"image.default\">\n\t\t\t\t<div class=\"elementor-widget-container\">\n\t\t\t\t\t\t\t\t\t\t\t\t\t\t\t<img decoding=\"async\" width=\"800\" height=\"486\" src=\"https:\/\/partner.onskeskyen.dk\/wp-content\/uploads\/2023\/04\/e-maerket-desktop_loop-1024x622.png\" class=\"attachment-large size-large wp-image-3179\" alt=\"\" srcset=\"https:\/\/partner.onskeskyen.dk\/wp-content\/uploads\/2023\/04\/e-maerket-desktop_loop-1024x622.png 1024w, https:\/\/partner.onskeskyen.dk\/wp-content\/uploads\/2023\/04\/e-maerket-desktop_loop-300x182.png 300w, https:\/\/partner.onskeskyen.dk\/wp-content\/uploads\/2023\/04\/e-maerket-desktop_loop-768x467.png 768w, https:\/\/partner.onskeskyen.dk\/wp-content\/uploads\/2023\/04\/e-maerket-desktop_loop-1536x934.png 1536w, https:\/\/partner.onskeskyen.dk\/wp-content\/uploads\/2023\/04\/e-maerket-desktop_loop.png 1785w\" sizes=\"(max-width: 800px) 100vw, 800px\" \/>\t\t\t\t\t\t\t\t\t\t\t\t\t\t\t<\/div>\n\t\t\t\t<\/div>\n\t\t\t\t\t<\/div>\n\t\t<\/div>\n\t\t\t\t\t<\/div>\n\t\t<\/section>\n\t\t\t\t\t<\/div>\n\t\t<\/div>\n\t\t\t\t\t<\/div>\n\t\t<\/section>\n\t\t\t\t<\/div>\n\t\t","protected":false},"excerpt":{"rendered":"<p>e-m\u00e6rket X \u00d8nskeskyen Via et nyt samarbejde med e-m\u00e6rket vil \u00d8nskeskyen sikre mere tryghed for deres mere end to millioner danske brugere. Det skal ske ved at give de partnere, som allerede er e-m\u00e6rkede, mulighed for at vise deres certificering direkte p\u00e5 platformen og dermed skabe en forbedret brugeroplevelse via fokus p\u00e5 sikker e-handel. For [&hellip;]<\/p>\n","protected":false},"author":1,"featured_media":0,"parent":0,"menu_order":0,"comment_status":"closed","ping_status":"closed","template":"elementor_header_footer","meta":{"footnotes":""},"class_list":["post-2955","page","type-page","status-publish","hentry"],"yoast_head":"<!-- This site is optimized with the Yoast SEO plugin v27.5 - https:\/\/yoast.com\/product\/yoast-seo-wordpress\/ -->\n<title>L\u00e6s mere - Dashboard &amp; Insights<\/title>\n<meta name=\"robots\" content=\"noindex, nofollow\" \/>\n<meta property=\"og:locale\" content=\"en_US\" \/>\n<meta property=\"og:type\" content=\"article\" \/>\n<meta property=\"og:title\" content=\"L\u00e6s mere - Dashboard &amp; Insights\" \/>\n<meta property=\"og:description\" content=\"e-m\u00e6rket X \u00d8nskeskyen Via et nyt samarbejde med e-m\u00e6rket vil \u00d8nskeskyen sikre mere tryghed for deres mere end to millioner danske brugere. Det skal ske ved at give de partnere, som allerede er e-m\u00e6rkede, mulighed for at vise deres certificering direkte p\u00e5 platformen og dermed skabe en forbedret brugeroplevelse via fokus p\u00e5 sikker e-handel. For [&hellip;]\" \/>\n<meta property=\"og:url\" content=\"https:\/\/partner.onskeskyen.dk\/index.php\/laes-mere-e-maerket\/\" \/>\n<meta property=\"og:site_name\" content=\"\u00d8nskeskyen Partner\" \/>\n<meta property=\"article:modified_time\" content=\"2023-04-21T08:02:43+00:00\" \/>\n<meta property=\"og:image\" content=\"https:\/\/partner.onskeskyen.dk\/wp-content\/uploads\/2023\/04\/e-maerket-visual3.png\" \/>\n<meta name=\"twitter:card\" content=\"summary_large_image\" \/>\n<meta name=\"twitter:label1\" content=\"Est. reading time\" \/>\n\t<meta name=\"twitter:data1\" content=\"2 minutes\" \/>\n<script type=\"application\/ld+json\" class=\"yoast-schema-graph\">{\"@context\":\"https:\\\/\\\/schema.org\",\"@graph\":[{\"@type\":\"WebPage\",\"@id\":\"https:\\\/\\\/partner.onskeskyen.dk\\\/index.php\\\/laes-mere-e-maerket\\\/\",\"url\":\"https:\\\/\\\/partner.onskeskyen.dk\\\/index.php\\\/laes-mere-e-maerket\\\/\",\"name\":\"L\u00e6s mere - Dashboard & Insights\",\"isPartOf\":{\"@id\":\"https:\\\/\\\/partner.onskeskyen.dk\\\/#website\"},\"primaryImageOfPage\":{\"@id\":\"https:\\\/\\\/partner.onskeskyen.dk\\\/index.php\\\/laes-mere-e-maerket\\\/#primaryimage\"},\"image\":{\"@id\":\"https:\\\/\\\/partner.onskeskyen.dk\\\/index.php\\\/laes-mere-e-maerket\\\/#primaryimage\"},\"thumbnailUrl\":\"https:\\\/\\\/partner.onskeskyen.dk\\\/wp-content\\\/uploads\\\/2023\\\/04\\\/e-maerket-visual3.png\",\"datePublished\":\"2023-04-19T08:30:10+00:00\",\"dateModified\":\"2023-04-21T08:02:43+00:00\",\"breadcrumb\":{\"@id\":\"https:\\\/\\\/partner.onskeskyen.dk\\\/index.php\\\/laes-mere-e-maerket\\\/#breadcrumb\"},\"inLanguage\":\"en-US\",\"potentialAction\":[{\"@type\":\"ReadAction\",\"target\":[\"https:\\\/\\\/partner.onskeskyen.dk\\\/index.php\\\/laes-mere-e-maerket\\\/\"]}]},{\"@type\":\"ImageObject\",\"inLanguage\":\"en-US\",\"@id\":\"https:\\\/\\\/partner.onskeskyen.dk\\\/index.php\\\/laes-mere-e-maerket\\\/#primaryimage\",\"url\":\"https:\\\/\\\/partner.onskeskyen.dk\\\/wp-content\\\/uploads\\\/2023\\\/04\\\/e-maerket-visual3.png\",\"contentUrl\":\"https:\\\/\\\/partner.onskeskyen.dk\\\/wp-content\\\/uploads\\\/2023\\\/04\\\/e-maerket-visual3.png\",\"width\":526,\"height\":610},{\"@type\":\"BreadcrumbList\",\"@id\":\"https:\\\/\\\/partner.onskeskyen.dk\\\/index.php\\\/laes-mere-e-maerket\\\/#breadcrumb\",\"itemListElement\":[{\"@type\":\"ListItem\",\"position\":1,\"name\":\"Hjem\",\"item\":\"https:\\\/\\\/partner.onskeskyen.dk\\\/\"},{\"@type\":\"ListItem\",\"position\":2,\"name\":\"L\u00e6s mere &#8211; E-m\u00e6rket\"}]},{\"@type\":\"WebSite\",\"@id\":\"https:\\\/\\\/partner.onskeskyen.dk\\\/#website\",\"url\":\"https:\\\/\\\/partner.onskeskyen.dk\\\/\",\"name\":\"\u00d8nskeskyen Partner\",\"description\":\"\",\"potentialAction\":[{\"@type\":\"SearchAction\",\"target\":{\"@type\":\"EntryPoint\",\"urlTemplate\":\"https:\\\/\\\/partner.onskeskyen.dk\\\/?s={search_term_string}\"},\"query-input\":{\"@type\":\"PropertyValueSpecification\",\"valueRequired\":true,\"valueName\":\"search_term_string\"}}],\"inLanguage\":\"en-US\"}]}<\/script>\n<!-- \/ Yoast SEO plugin. -->","yoast_head_json":{"title":"L\u00e6s mere - Dashboard & Insights","robots":{"index":"noindex","follow":"nofollow"},"og_locale":"en_US","og_type":"article","og_title":"L\u00e6s mere - Dashboard & Insights","og_description":"e-m\u00e6rket X \u00d8nskeskyen Via et nyt samarbejde med e-m\u00e6rket vil \u00d8nskeskyen sikre mere tryghed for deres mere end to millioner danske brugere. Det skal ske ved at give de partnere, som allerede er e-m\u00e6rkede, mulighed for at vise deres certificering direkte p\u00e5 platformen og dermed skabe en forbedret brugeroplevelse via fokus p\u00e5 sikker e-handel. For [&hellip;]","og_url":"https:\/\/partner.onskeskyen.dk\/index.php\/laes-mere-e-maerket\/","og_site_name":"\u00d8nskeskyen Partner","article_modified_time":"2023-04-21T08:02:43+00:00","og_image":[{"url":"https:\/\/partner.onskeskyen.dk\/wp-content\/uploads\/2023\/04\/e-maerket-visual3.png","type":"","width":"","height":""}],"twitter_card":"summary_large_image","twitter_misc":{"Est. reading time":"2 minutes"},"schema":{"@context":"https:\/\/schema.org","@graph":[{"@type":"WebPage","@id":"https:\/\/partner.onskeskyen.dk\/index.php\/laes-mere-e-maerket\/","url":"https:\/\/partner.onskeskyen.dk\/index.php\/laes-mere-e-maerket\/","name":"L\u00e6s mere - Dashboard & Insights","isPartOf":{"@id":"https:\/\/partner.onskeskyen.dk\/#website"},"primaryImageOfPage":{"@id":"https:\/\/partner.onskeskyen.dk\/index.php\/laes-mere-e-maerket\/#primaryimage"},"image":{"@id":"https:\/\/partner.onskeskyen.dk\/index.php\/laes-mere-e-maerket\/#primaryimage"},"thumbnailUrl":"https:\/\/partner.onskeskyen.dk\/wp-content\/uploads\/2023\/04\/e-maerket-visual3.png","datePublished":"2023-04-19T08:30:10+00:00","dateModified":"2023-04-21T08:02:43+00:00","breadcrumb":{"@id":"https:\/\/partner.onskeskyen.dk\/index.php\/laes-mere-e-maerket\/#breadcrumb"},"inLanguage":"en-US","potentialAction":[{"@type":"ReadAction","target":["https:\/\/partner.onskeskyen.dk\/index.php\/laes-mere-e-maerket\/"]}]},{"@type":"ImageObject","inLanguage":"en-US","@id":"https:\/\/partner.onskeskyen.dk\/index.php\/laes-mere-e-maerket\/#primaryimage","url":"https:\/\/partner.onskeskyen.dk\/wp-content\/uploads\/2023\/04\/e-maerket-visual3.png","contentUrl":"https:\/\/partner.onskeskyen.dk\/wp-content\/uploads\/2023\/04\/e-maerket-visual3.png","width":526,"height":610},{"@type":"BreadcrumbList","@id":"https:\/\/partner.onskeskyen.dk\/index.php\/laes-mere-e-maerket\/#breadcrumb","itemListElement":[{"@type":"ListItem","position":1,"name":"Hjem","item":"https:\/\/partner.onskeskyen.dk\/"},{"@type":"ListItem","position":2,"name":"L\u00e6s mere &#8211; E-m\u00e6rket"}]},{"@type":"WebSite","@id":"https:\/\/partner.onskeskyen.dk\/#website","url":"https:\/\/partner.onskeskyen.dk\/","name":"\u00d8nskeskyen Partner","description":"","potentialAction":[{"@type":"SearchAction","target":{"@type":"EntryPoint","urlTemplate":"https:\/\/partner.onskeskyen.dk\/?s={search_term_string}"},"query-input":{"@type":"PropertyValueSpecification","valueRequired":true,"valueName":"search_term_string"}}],"inLanguage":"en-US"}]}},"_links":{"self":[{"href":"https:\/\/partner.onskeskyen.dk\/index.php\/wp-json\/wp\/v2\/pages\/2955","targetHints":{"allow":["GET"]}}],"collection":[{"href":"https:\/\/partner.onskeskyen.dk\/index.php\/wp-json\/wp\/v2\/pages"}],"about":[{"href":"https:\/\/partner.onskeskyen.dk\/index.php\/wp-json\/wp\/v2\/types\/page"}],"author":[{"embeddable":true,"href":"https:\/\/partner.onskeskyen.dk\/index.php\/wp-json\/wp\/v2\/users\/1"}],"replies":[{"embeddable":true,"href":"https:\/\/partner.onskeskyen.dk\/index.php\/wp-json\/wp\/v2\/comments?post=2955"}],"version-history":[{"count":28,"href":"https:\/\/partner.onskeskyen.dk\/index.php\/wp-json\/wp\/v2\/pages\/2955\/revisions"}],"predecessor-version":[{"id":3202,"href":"https:\/\/partner.onskeskyen.dk\/index.php\/wp-json\/wp\/v2\/pages\/2955\/revisions\/3202"}],"wp:attachment":[{"href":"https:\/\/partner.onskeskyen.dk\/index.php\/wp-json\/wp\/v2\/media?parent=2955"}],"curies":[{"name":"wp","href":"https:\/\/api.w.org\/{rel}","templated":true}]}}